{"id":124,"date":"2025-08-09T15:01:48","date_gmt":"2025-08-09T15:01:48","guid":{"rendered":"https:\/\/rosenwink.de\/?page_id=124"},"modified":"2026-04-14T11:33:10","modified_gmt":"2026-04-14T11:33:10","slug":"termine","status":"publish","type":"page","link":"https:\/\/rosenwink.de\/en\/termine\/","title":{"rendered":"Events"},"content":{"rendered":"<div class=\"et_pb_section_0 et_pb_section et_pb_fullwidth_section et_section_regular et_block_section\">\n<div class=\"et_pb_fullwidth_image_0 et_pb_fullwidth_image et_pb_module\"><img loading=\"lazy\" decoding=\"async\" src=\"https:\/\/rosenwink.de\/wp-content\/uploads\/2025\/08\/liviu-c-ZxAS4IuAxOw-unsplash-2z1.jpg\" width=\"1800\" height=\"900\" srcset=\"https:\/\/rosenwink.de\/wp-content\/uploads\/2025\/08\/liviu-c-ZxAS4IuAxOw-unsplash-2z1.jpg 1800w, https:\/\/rosenwink.de\/wp-content\/uploads\/2025\/08\/liviu-c-ZxAS4IuAxOw-unsplash-2z1-1280x640.jpg 1280w, https:\/\/rosenwink.de\/wp-content\/uploads\/2025\/08\/liviu-c-ZxAS4IuAxOw-unsplash-2z1-980x490.jpg 980w, https:\/\/rosenwink.de\/wp-content\/uploads\/2025\/08\/liviu-c-ZxAS4IuAxOw-unsplash-2z1-480x240.jpg 480w\" sizes=\"(min-width: 0px) and (max-width: 480px) 480px, (min-width: 481px) and (max-width: 980px) 980px, (min-width: 981px) and (max-width: 1280px) 1280px, (min-width: 1281px) 1800px, 100vw\" class=\"wp-image-92\" title=\"1-16z9\" \/><\/div>\n<\/div>\n\n<div class=\"et_pb_section_1 et_pb_section et_section_regular et_flex_section preset--module--divi-section--wnvbtneu6e\">\n<div class=\"et_pb_row_0 et_pb_row et_flex_row\">\n<div class=\"et_pb_column_0 et_pb_column et-last-child et_flex_column et_pb_css_mix_blend_mode_passthrough et_flex_column_24_24 et_flex_column_24_24_tablet et_flex_column_24_24_phone\">\n<div class=\"et_pb_heading_0 et_pb_heading et_pb_module et_flex_module\"><div class=\"et_pb_heading_container\"><h1 class=\"et_pb_module_header\">Events<\/h1><\/div><\/div>\n<\/div>\n<\/div>\n<\/div>\n\n<div class=\"et_pb_section_2 et_pb_section et_section_regular et_flex_section\">\n<div class=\"et_pb_row_1 et_pb_row et_block_row preset--module--divi-row--de8f0bf7-ee19-4e03-9b59-15cb6b249664\">\n<div class=\"et_pb_column_1 et_pb_column et_pb_column_4_4 et-last-child et_block_column et_pb_css_mix_blend_mode_passthrough\">\n<div class=\"et_pb_text_0 et_pb_text et_pb_bg_layout_light et_pb_module et_block_module preset--module--divi-text--3489034d-1636-435c-91f5-29018384549a\"><div class=\"et_pb_text_inner\"><h1 class=\"western\" align=\"left\"><span style=\"font-size: medium;\"><strong><span style=\"color: #333333;\"><span style=\"font-family: Roboto, sans-serif;\"><b>Herzensgebet<\/b><\/span><\/span><\/strong><\/span><\/h1>\n<p class=\"western\" align=\"left\"><span><span style=\"color: #333333;\"><span style=\"font-family: Roboto, sans-serif;\"><span style=\"font-size: small;\">Jeden Mittwoch, um 19:30 Uhr (nicht in den Schulferien)<\/span><\/span><\/span><\/span><span><span style=\"color: #333333;\"><span style=\"font-family: Roboto, sans-serif;\"><span style=\"font-size: small;\"><br \/><\/span><\/span><\/span><\/span><span><span style=\"color: #333333;\"><span style=\"font-family: Roboto, sans-serif;\"><span style=\"font-size: small;\">Familienzentrum Bammental (Hauptstr. 65), 2. Stock. Bisher trifft sich eine Gruppe von 2 bis 7 Personen.<\/span><\/span><\/span><\/span><span style=\"color: #000080;\"><a href=\"https:\/\/www.rosenwink.de\/wp-content\/uploads\/2025\/06\/2604-Ausschreibung-Webseite.pdf\" target=\"_blank\" rel=\"noopener\"><span><span style=\"color: #cf4240;\"><span style=\"font-family: Roboto, sans-serif;\"><span style=\"font-size: small;\"><b><\/b><\/span><\/span><\/span><\/span><\/a><\/span><\/p>\n<p class=\"western\" align=\"justify\">\n<\/div><\/div>\n\n<div class=\"et_pb_divider_0 et_pb_divider et_pb_space et_pb_divider_position_top et_pb_module preset--module--divi-divider--60b7e633-47c1-464e-b67d-207d6748fe99\"><div class=\"et_pb_divider_internal\"><\/div><\/div>\n\n<div class=\"et_pb_text_1 et_pb_text et_pb_bg_layout_light et_pb_module et_block_module preset--module--divi-text--3489034d-1636-435c-91f5-29018384549a\"><div class=\"et_pb_text_inner\"><h1 class=\"western\" align=\"left\"><span style=\"font-size: medium;\"><strong><span style=\"color: #333333;\"><span style=\"font-family: Roboto, sans-serif;\"><b>leise und ganz nah...<\/b><\/span><\/span><\/strong><\/span><\/h1>\n<p class=\"western\" align=\"left\">Kurzexerzitien im Kloster Kirchberg <strong>2027<\/strong><br \/>31. M\u00e4rz bis 04. April 2027<\/p>\n<p>\u201eDU bist mir leise und ganz nah\u2026\u201c\u00a0Wir verbringen vier Tage in den sch\u00f6nen R\u00e4umen, G\u00e4rten und W\u00e4ldern in und rund um das Kloster Kirchberg. Dabei \u00fcben wir verschiedene geistliche \u00dcbungen ein und setzen uns Gottes liebevoller N\u00e4he aus.<br \/>In the silence, we become attentive to the healing inner movements of the Holy Spirit. Elements of these days include sustained silence, shared and personal reflection on biblical texts, daily accompaniment conversations, body-awareness practices, and time spent in nature.<\/p>\n<p>Ausschreibung folgt! <br \/>Hier geht es zur Ausschreibung 2026:<\/p>\n<\/div>\n<div class=\"et_pb_module et_pb_button_module_wrapper et_pb_button_0_wrapper preset--module--divi-button--pdjm5cxoj5_wrapper\"><a class=\"et_pb_button_0 et_pb_button et_pb_bg_layout_light et_pb_module et_flex_module preset--module--divi-button--pdjm5cxoj5\" href=\"https:\/\/rosenwink.de\/wp-content\/uploads\/2025\/12\/2604-Ausschreibung-Webseite.pdf\" target=\"_blank\">leise und ganz nah \/ 2026...<\/a><\/div>\n<\/div>\n\n<div class=\"et_pb_divider_1 et_pb_divider et_pb_space et_pb_divider_position_top et_pb_module preset--module--divi-divider--60b7e633-47c1-464e-b67d-207d6748fe99\"><div class=\"et_pb_divider_internal\"><\/div><\/div>\n\n<div class=\"et_pb_text_2 et_pb_text et_pb_bg_layout_light et_pb_module et_block_module preset--module--divi-text--3489034d-1636-435c-91f5-29018384549a\"><div class=\"et_pb_text_inner\"><h1 class=\"western\" align=\"left\"><span style=\"font-size: medium;\"><strong><span style=\"color: #333333;\"><span style=\"font-family: Roboto, sans-serif;\"><b>Pr\u00e4senz...<\/b><\/span><\/span><\/strong><\/span><\/h1>\n<h1 class=\"western\"><\/h1>\n<h1 class=\"western\">Ein Meditationskurs in der Mosaik Heidelberg<\/h1>\n<p>Einf\u00fchrungstag am: <strong>Samstag, den 26.09.26 \/ 9:30 bis 16 Uhr<\/strong><br \/>F\u00fcnf Gruppentreffen an den Donnerstagen: <strong>1.10., 8.10, 15.10., 22.10. und 29.10. \u2013 jeweils um 19:30 Uhr<\/strong><\/p>\n<p class=\"western\"><i>Presence <\/i>ist eine aufmerksame Haltung gegen\u00fcber Mitmenschen, der Natur und der eigenen Befindlichkeit. <i>Presence <\/i>kann <span>man in <\/span>Meditation ein\u00fcben. <i>Presence<\/i> \u00f6ffnet f\u00fcr das Geheimnis unserer Verbindung mit dem Lebendigen.<\/p>\n<p class=\"western\">\u201ePr\u00e4senz...\u201c ist ein einfacher Meditationskurs. In einer Gruppe \u00fcben wir in der Stille zu sitzen und im gegenw\u00e4rtigen Moment anzukommen. F\u00fcr viele Menschen eine wohltuende und heilsame Praxis. Regelm\u00e4\u00dfige Meditation f\u00f6rdert ein spirituelles Leben, l\u00e4dt ins Staunen und in die Ehrfurcht vor allem Lebendigen ein. Sie f\u00f6rdert Respekt im Umgang miteinander, macht beziehungsf\u00e4higer, gelassen und klar. Ein notwendiger Ausgleich f\u00fcr einen oft stressigen Alltag. Die in diesem Kurs angebotene Praxis wurzelt in der kontemplativ-mystischen Tradition christlicher Spiritualit\u00e4t, ist aber bewusst auch f\u00fcr Menschen aller Konfessionen offen.<span style=\"font-size: small; font-family: Roboto, sans-serif; color: #333333;\"><\/span><\/p>\n<\/div><\/div>\n\n<div class=\"et_pb_module et_pb_button_module_wrapper et_pb_button_1_wrapper preset--module--divi-button--pdjm5cxoj5_wrapper\"><a class=\"et_pb_button_1 et_pb_button et_pb_bg_layout_light et_pb_module et_flex_module preset--module--divi-button--pdjm5cxoj5\" href=\"https:\/\/rosenwink.de\/wp-content\/uploads\/2026\/03\/2609-Praesenz-Meditationskurs-Mosaik-HD.pdf\" target=\"_blank\">Mehr...<\/a><\/div>\n<\/div>\n<\/div>\n<\/div>","protected":false},"excerpt":{"rendered":"<p>Termine und Ausschreibungen zu Veranstaltungen<\/p>","protected":false},"author":1,"featured_media":0,"parent":0,"menu_order":0,"comment_status":"closed","ping_status":"closed","template":"","meta":{"footnotes":""},"class_list":["post-124","page","type-page","status-publish","hentry"],"_links":{"self":[{"href":"https:\/\/rosenwink.de\/en\/wp-json\/wp\/v2\/pages\/124","targetHints":{"allow":["GET"]}}],"collection":[{"href":"https:\/\/rosenwink.de\/en\/wp-json\/wp\/v2\/pages"}],"about":[{"href":"https:\/\/rosenwink.de\/en\/wp-json\/wp\/v2\/types\/page"}],"author":[{"embeddable":true,"href":"https:\/\/rosenwink.de\/en\/wp-json\/wp\/v2\/users\/1"}],"replies":[{"embeddable":true,"href":"https:\/\/rosenwink.de\/en\/wp-json\/wp\/v2\/comments?post=124"}],"version-history":[{"count":28,"href":"https:\/\/rosenwink.de\/en\/wp-json\/wp\/v2\/pages\/124\/revisions"}],"predecessor-version":[{"id":222096,"href":"https:\/\/rosenwink.de\/en\/wp-json\/wp\/v2\/pages\/124\/revisions\/222096"}],"wp:attachment":[{"href":"https:\/\/rosenwink.de\/en\/wp-json\/wp\/v2\/media?parent=124"}],"curies":[{"name":"wp","href":"https:\/\/api.w.org\/{rel}","templated":true}]}}