{"id":221533,"date":"2025-11-29T15:54:52","date_gmt":"2025-11-29T15:54:52","guid":{"rendered":"https:\/\/rosenwink.de\/?page_id=221533"},"modified":"2025-12-27T09:44:39","modified_gmt":"2025-12-27T09:44:39","slug":"artikel","status":"publish","type":"page","link":"https:\/\/rosenwink.de\/en\/artikel\/","title":{"rendered":"Resources"},"content":{"rendered":"<div class=\"et_pb_section_0 et_pb_section et_pb_fullwidth_section et_section_regular et_block_section\">\n<div class=\"et_pb_fullwidth_image_0 et_pb_fullwidth_image et_pb_module\"><img loading=\"lazy\" decoding=\"async\" src=\"https:\/\/rosenwink.de\/wp-content\/uploads\/2025\/08\/constable-john-seascape-study-with-rain-cloud-1-2z1.jpg\" width=\"1800\" height=\"900\" srcset=\"https:\/\/rosenwink.de\/wp-content\/uploads\/2025\/08\/constable-john-seascape-study-with-rain-cloud-1-2z1.jpg 1800w, https:\/\/rosenwink.de\/wp-content\/uploads\/2025\/08\/constable-john-seascape-study-with-rain-cloud-1-2z1-1280x640.jpg 1280w, https:\/\/rosenwink.de\/wp-content\/uploads\/2025\/08\/constable-john-seascape-study-with-rain-cloud-1-2z1-980x490.jpg 980w, https:\/\/rosenwink.de\/wp-content\/uploads\/2025\/08\/constable-john-seascape-study-with-rain-cloud-1-2z1-480x240.jpg 480w\" sizes=\"(min-width: 0px) and (max-width: 480px) 480px, (min-width: 481px) and (max-width: 980px) 980px, (min-width: 981px) and (max-width: 1280px) 1280px, (min-width: 1281px) 1800px, 100vw\" class=\"wp-image-81\" title=\"1-16z9\" \/><\/div>\n<\/div>\n\n<div class=\"et_pb_section_1 et_pb_section et_section_regular et_flex_section preset--module--divi-section--wnvbtneu6e\">\n<div class=\"et_pb_row_0 et_pb_row et_flex_row\">\n<div class=\"et_pb_column_0 et_pb_column et-last-child et_flex_column et_pb_css_mix_blend_mode_passthrough et_flex_column_24_24 et_flex_column_24_24_tablet et_flex_column_24_24_phone\">\n<div class=\"et_pb_heading_0 et_pb_heading et_pb_module et_flex_module\"><div class=\"et_pb_heading_container\"><h1 class=\"et_pb_module_header\">Resources<\/h1><\/div><\/div>\n<\/div>\n<\/div>\n<\/div>\n\n<div class=\"et_pb_section_2 et_pb_section et_section_regular et_block_section\">\n<div class=\"et_pb_row_1 et_pb_row et_block_row\">\n<div class=\"et_pb_column_1 et_pb_column et_pb_column_4_4 et-last-child et_block_column et_pb_css_mix_blend_mode_passthrough\">\n<div class=\"et_pb_text_0 et_pb_text et_pb_bg_layout_light et_pb_module et_block_module\"><div class=\"et_pb_text_inner\"><h1 style=\"text-align: center;\"><span style=\"font-size: xx-large;\">Contributions for Spiritual Life<\/span><span style=\"font-size: xx-large;\"><\/span><\/h1>\n<\/div><\/div>\n<\/div>\n<\/div>\n<\/div>\n\n<div class=\"et_pb_section_3 et_pb_section et_section_regular et_flex_section\">\n<div class=\"et_pb_row_2 et_pb_row et_flex_row\">\n<div class=\"et_pb_column_2 et_pb_column et_flex_column et_pb_css_mix_blend_mode_passthrough et_flex_column_12_24 et_flex_column_12_24_tablet et_flex_column_24_24_phone\">\n<div class=\"et_pb_blurb_0 et_pb_blurb et_pb_bg_layout_light et_pb_text_align_left et_pb_blurb_position_top et_clickable et_pb_module et_flex_module\"><div class=\"et_pb_blurb_content et_flex_module\"><div class=\"et_pb_main_blurb_image\"><span class=\"et_pb_image_wrap et_pb_only_image_mode_wrap\"><img loading=\"lazy\" decoding=\"async\" src=\"https:\/\/rosenwink.de\/wp-content\/uploads\/2025\/12\/09anvertrauen.jpg\" width=\"500\" height=\"500\" srcset=\"https:\/\/rosenwink.de\/wp-content\/uploads\/2025\/12\/09anvertrauen.jpg 500w, https:\/\/rosenwink.de\/wp-content\/uploads\/2025\/12\/09anvertrauen-480x480.jpg 480w\" sizes=\"(min-width: 0px) and (max-width: 480px) 480px, (min-width: 481px) 500px, 100vw\" class=\"wp-image-221809\" \/><\/span><\/div><div class=\"et_pb_blurb_container\"><h4 class=\"et_pb_module_header\">glauben hei\u00dft anvertrauen - Loslassen als \u00dcbung und Ausdruck innerer Freiheit<\/h4><div class=\"et_pb_blurb_description\"><p style=\"text-align: center;\">This article invites readers to discover faith as a path of entrusting oneself. In five simple exercises, it encourages becoming aware of one\u2019s habits of control and needs \u2013 also through bodily awareness \u2013 and gently letting them go. Biblical images and impulses from Ignatian spirituality, especially the idea of indifference, help to develop inner freedom. Letting go is thus experienced not as a demand, but as a relief. Trust can grow \u2013 slowly and organically, in the midst of everyday life.<\/p>\n<\/div><\/div><\/div><\/div>\n<\/div>\n\n<div class=\"et_pb_column_3 et_pb_column et-last-child et_flex_column et_pb_css_mix_blend_mode_passthrough et_flex_column_12_24 et_flex_column_12_24_tablet et_flex_column_24_24_phone\">\n<div class=\"et_pb_blurb_1 et_pb_blurb et_pb_bg_layout_light et_pb_text_align_left et_pb_blurb_position_top et_clickable et_pb_module et_flex_module\"><div class=\"et_pb_blurb_content et_flex_module\"><div class=\"et_pb_main_blurb_image\"><span class=\"et_pb_image_wrap et_pb_only_image_mode_wrap\"><img loading=\"lazy\" decoding=\"async\" src=\"https:\/\/rosenwink.de\/wp-content\/uploads\/2025\/12\/08zumir.jpg\" width=\"500\" height=\"500\" srcset=\"https:\/\/rosenwink.de\/wp-content\/uploads\/2025\/12\/08zumir.jpg 500w, https:\/\/rosenwink.de\/wp-content\/uploads\/2025\/12\/08zumir-480x480.jpg 480w\" sizes=\"(min-width: 0px) and (max-width: 480px) 480px, (min-width: 481px) 500px, 100vw\" class=\"wp-image-221817\" \/><\/span><\/div><div class=\"et_pb_blurb_container\"><h4 class=\"et_pb_module_header\">Ich komme zu mir, um zu DIR zu kommen - Zwei Erfahrungen f\u00fcr die eigene Gebetspraxis - <\/h4><div class=\"et_pb_blurb_description\"><p style=\"text-align: center;\">\"Ein Gebetsrhythmus w\u00fcrde uns so guttun. So \u00e4hnlich wie M\u00f6nche im Alltag Routinen haben. Beten. Arbeiten. Ruhen. Betend Arbeiten. Im zunehmenden Bewusstsein von Gottes Gegenwart leben und weben und sein\u2026 Ich bin auf zwei Weisheiten gesto\u00dfen, die mir helfen, Gott regelm\u00e4\u00dfig zu suchen. Die erste von Ignatius von Loyola. Die zweite von Thomas Keating...\"<\/p>\n<p style=\"text-align: center;\">The article introduces a body-awareness exercise through which one gains tangible contact with one\u2019s inner state and with the intention of spending time before God. Both help to ensure that regular prayer becomes a genuine need rather than dissolving into arbitrariness.<\/p>\n<\/div><\/div><\/div><\/div>\n<\/div>\n<\/div>\n<\/div>\n\n<div class=\"et_pb_section_4 et_pb_section et_section_regular et_flex_section\">\n<div class=\"et_pb_row_3 et_pb_row et_flex_row\">\n<div class=\"et_pb_column_4 et_pb_column et_flex_column et_pb_css_mix_blend_mode_passthrough et_flex_column_8_24 et_flex_column_8_24_tablet et_flex_column_24_24_phone\">\n<div class=\"et_pb_blurb_2 et_pb_blurb et_pb_bg_layout_light et_pb_blurb_position_top et_clickable et_pb_module et_flex_module\"><div class=\"et_pb_blurb_content et_flex_module\"><div class=\"et_pb_main_blurb_image\"><span class=\"et_pb_image_wrap et_pb_only_image_mode_wrap\"><img loading=\"lazy\" decoding=\"async\" src=\"https:\/\/rosenwink.de\/wp-content\/uploads\/2025\/12\/05EmotionaleResonanz.jpg\" width=\"500\" height=\"500\" srcset=\"https:\/\/rosenwink.de\/wp-content\/uploads\/2025\/12\/05EmotionaleResonanz.jpg 500w, https:\/\/rosenwink.de\/wp-content\/uploads\/2025\/12\/05EmotionaleResonanz-480x480.jpg 480w\" sizes=\"(min-width: 0px) and (max-width: 480px) 480px, (min-width: 481px) 500px, 100vw\" class=\"wp-image-221791\" \/><\/span><\/div><div class=\"et_pb_blurb_container\"><h4 class=\"et_pb_module_header\">On God\u2019s nonverbal communication - The long-term effect of emotional resonance<\/h4><div class=\"et_pb_blurb_description\"><p style=\"text-align: center;\">God often communicates with us beyond words \u2013 through inner touch, resonance, and a quiet sense of connectedness. Such moments resemble meaningful encounters between people in which we feel seen and understood. This article invites readers to look for such bonding experiences in everyday life, to savor them, and to allow them to have an effect.<\/p>\n<\/div><\/div><\/div><\/div>\n<\/div>\n\n<div class=\"et_pb_column_5 et_pb_column et_flex_column et_pb_css_mix_blend_mode_passthrough et_flex_column_8_24 et_flex_column_8_24_tablet et_flex_column_24_24_phone\">\n<div class=\"et_pb_blurb_3 et_pb_blurb et_pb_bg_layout_light et_pb_blurb_position_top et_clickable et_pb_module et_flex_module\"><div class=\"et_pb_blurb_content et_flex_module\"><div class=\"et_pb_main_blurb_image\"><span class=\"et_pb_image_wrap et_pb_only_image_mode_wrap\"><img loading=\"lazy\" decoding=\"async\" src=\"https:\/\/rosenwink.de\/wp-content\/uploads\/2025\/12\/06Focusing.jpg\" width=\"500\" height=\"500\" srcset=\"https:\/\/rosenwink.de\/wp-content\/uploads\/2025\/12\/06Focusing.jpg 500w, https:\/\/rosenwink.de\/wp-content\/uploads\/2025\/12\/06Focusing-480x480.jpg 480w\" sizes=\"(min-width: 0px) and (max-width: 480px) 480px, (min-width: 481px) 500px, 100vw\" class=\"wp-image-221794\" \/><\/span><\/div><div class=\"et_pb_blurb_container\"><h4 class=\"et_pb_module_header\">Focusing \u2013 body awareness as a path of healing<\/h4><div class=\"et_pb_blurb_description\"><p style=\"text-align: center;\">Focusing is a way of listening attentively to one\u2019s own body and taking it seriously as part of the body\u2013mind\u2013soul unity. A loving, alert inward gaze has a healing effect \u2013 similar to a good, deep conversation in which one truly feels understood. What has long been overlooked can show itself, change, and release new vitality. The article shows how Focusing becomes both a path of self-knowledge and a spiritual approach in which God\u2019s closeness can be experienced within one\u2019s own inner life.<\/p>\n<\/div><\/div><\/div><\/div>\n<\/div>\n\n<div class=\"et_pb_column_6 et_pb_column et-last-child et_flex_column et_pb_css_mix_blend_mode_passthrough et_flex_column_8_24 et_flex_column_8_24_tablet et_flex_column_24_24_phone\">\n<div class=\"et_pb_blurb_4 et_pb_blurb et_pb_bg_layout_light et_pb_blurb_position_top et_clickable et_pb_module et_flex_module\"><div class=\"et_pb_blurb_content et_flex_module\"><div class=\"et_pb_main_blurb_image\"><span class=\"et_pb_image_wrap et_pb_only_image_mode_wrap\"><img loading=\"lazy\" decoding=\"async\" src=\"https:\/\/rosenwink.de\/wp-content\/uploads\/2025\/12\/07Maennergefuehle.jpg\" width=\"500\" height=\"500\" srcset=\"https:\/\/rosenwink.de\/wp-content\/uploads\/2025\/12\/07Maennergefuehle.jpg 500w, https:\/\/rosenwink.de\/wp-content\/uploads\/2025\/12\/07Maennergefuehle-480x480.jpg 480w\" sizes=\"(min-width: 0px) and (max-width: 480px) 480px, (min-width: 481px) 500px, 100vw\" class=\"wp-image-221802\" \/><\/span><\/div><div class=\"et_pb_blurb_container\"><h4 class=\"et_pb_module_header\">The missing link between gut and brain<\/h4><div class=\"et_pb_blurb_description\"><p style=\"text-align: center;\">- Wie ich \u00fcber meinen K\u00f6rper einen Zugang zu meinen Gef\u00fchlen fand und nebenbei lebendiger wurde -<br \/>Viele Menschen \u2013 besonders M\u00e4nner \u2013 f\u00fchlen viel, haben aber kaum Worte oder bewussten Zugang zu ihren inneren Regungen. Der Artikel verbindet pers\u00f6nliche Erfahrung, Focusing und christliche Spiritualit\u00e4t zu einem Weg emotionaler Reifung. So wird der K\u00f6rper zu einem wichtigen Ort innerer Kl\u00e4rung und geistlicher Erfahrung. Eine \u00dcbung und Fragen f\u00fcr Kleingruppen schlie\u00dfen den Text ab.\u00a0<\/p>\n<\/div><\/div><\/div><\/div>\n<\/div>\n<\/div>\n<\/div>\n\n<div class=\"et_pb_section_5 et_pb_section et_section_regular et_flex_section\">\n<div class=\"et_pb_row_4 et_pb_row et_flex_row\">\n<div class=\"et_pb_column_7 et_pb_column et_flex_column et_pb_css_mix_blend_mode_passthrough et_flex_column_8_24 et_flex_column_8_24_tablet et_flex_column_24_24_phone\">\n<div class=\"et_pb_blurb_5 et_pb_blurb et_pb_bg_layout_light et_pb_blurb_position_top et_clickable et_pb_module et_flex_module\"><div class=\"et_pb_blurb_content et_flex_module\"><div class=\"et_pb_main_blurb_image\"><span class=\"et_pb_image_wrap et_pb_only_image_mode_wrap\"><img loading=\"lazy\" decoding=\"async\" src=\"https:\/\/rosenwink.de\/wp-content\/uploads\/2025\/12\/01-Begleitung-traumatisierter.jpg\" width=\"500\" height=\"500\" srcset=\"https:\/\/rosenwink.de\/wp-content\/uploads\/2025\/12\/01-Begleitung-traumatisierter.jpg 500w, https:\/\/rosenwink.de\/wp-content\/uploads\/2025\/12\/01-Begleitung-traumatisierter-480x480.jpg 480w\" sizes=\"(min-width: 0px) and (max-width: 480px) 480px, (min-width: 481px) 500px, 100vw\" class=\"wp-image-221760\" \/><\/span><\/div><div class=\"et_pb_blurb_container\"><h4 class=\"et_pb_module_header\">Accompanying traumatized people<\/h4><div class=\"et_pb_blurb_description\"><p style=\"text-align: center;\">\u201eNahe ist der HERR denen, die zerbrochenen Herzens sind\" Ps 34,19<\/p>\n<p style=\"text-align: center;\">Mit dieser Verhei\u00dfung r\u00fchren wir an ein skandal\u00f6ses\u00a0 Paradoxon menschlicher Erfahrung. Wenn Gott liebend nah ist und sich um uns sorgt, warum bewahrt Gott nicht verletzliche Individuen und Gruppen vor dem Zerbrechen des Herzens und K\u00f6rpers und den lebensver\u00e4ndernden Sch\u00e4den traumatischer Gewalt? ...<\/p>\n<\/div><\/div><\/div><\/div>\n<\/div>\n\n<div class=\"et_pb_column_8 et_pb_column et_flex_column et_pb_css_mix_blend_mode_passthrough et_flex_column_8_24 et_flex_column_8_24_tablet et_flex_column_24_24_phone\">\n<div class=\"et_pb_blurb_6 et_pb_blurb et_pb_bg_layout_light et_pb_blurb_position_top et_clickable et_pb_module et_flex_module\"><div class=\"et_pb_blurb_content et_flex_module\"><div class=\"et_pb_main_blurb_image\"><span class=\"et_pb_image_wrap et_pb_only_image_mode_wrap\"><img loading=\"lazy\" decoding=\"async\" src=\"https:\/\/rosenwink.de\/wp-content\/uploads\/2025\/12\/02-GB-in-Gruppe2.jpg\" width=\"500\" height=\"500\" srcset=\"https:\/\/rosenwink.de\/wp-content\/uploads\/2025\/12\/02-GB-in-Gruppe2.jpg 500w, https:\/\/rosenwink.de\/wp-content\/uploads\/2025\/12\/02-GB-in-Gruppe2-480x480.jpg 480w\" sizes=\"(min-width: 0px) and (max-width: 480px) 480px, (min-width: 481px) 500px, 100vw\" class=\"wp-image-221775\" \/><\/span><\/div><div class=\"et_pb_blurb_container\"><h4 class=\"et_pb_module_header\">Spiritual accompaniment in a group<\/h4><div class=\"et_pb_blurb_description\"><p style=\"text-align: center;\">It was the most intense group experience I have ever had. As trust grew, we were able to become truthful with one another, to show vulnerability, to weep together, to laugh together, and to marvel at how God\u2019s Spirit heals and unfolds personalities.<\/p>\n<p style=\"text-align: center;\">\u00dcber einen Gruppenprozess der durch die Methode des \"Clearness Committee\" der Qu\u00e4ker (Society of Friends) inspiriert ist.<\/p>\n<\/div><\/div><\/div><\/div>\n<\/div>\n\n<div class=\"et_pb_column_9 et_pb_column et-last-child et_flex_column et_pb_css_mix_blend_mode_passthrough et_flex_column_8_24 et_flex_column_8_24_tablet et_flex_column_24_24_phone\">\n<div class=\"et_pb_blurb_7 et_pb_blurb et_pb_bg_layout_light et_pb_text_align_left et_pb_blurb_position_top et_clickable et_pb_module et_flex_module\"><div class=\"et_pb_blurb_content et_flex_module\"><div class=\"et_pb_main_blurb_image\"><span class=\"et_pb_image_wrap et_pb_only_image_mode_wrap\"><img loading=\"lazy\" decoding=\"async\" src=\"https:\/\/rosenwink.de\/wp-content\/uploads\/2025\/12\/03-GB-scaled.jpg\" width=\"2560\" height=\"2560\" srcset=\"https:\/\/rosenwink.de\/wp-content\/uploads\/2025\/12\/03-GB-scaled.jpg 2560w, https:\/\/rosenwink.de\/wp-content\/uploads\/2025\/12\/03-GB-1280x1280.jpg 1280w, https:\/\/rosenwink.de\/wp-content\/uploads\/2025\/12\/03-GB-980x980.jpg 980w, https:\/\/rosenwink.de\/wp-content\/uploads\/2025\/12\/03-GB-480x480.jpg 480w\" sizes=\"(min-width: 0px) and (max-width: 480px) 480px, (min-width: 481px) and (max-width: 980px) 980px, (min-width: 981px) and (max-width: 1280px) 1280px, (min-width: 1281px) 2560px, 100vw\" class=\"wp-image-221785\" \/><\/span><\/div><div class=\"et_pb_blurb_container\"><h4 class=\"et_pb_module_header\">Auf dem Weg nach Hause - Geistliche Begleitung <\/h4><div class=\"et_pb_blurb_description\"><p style=\"text-align: center;\">In this article I describe what spiritual accompaniment is, where this form of pastoral care comes from, what characterizes it, and how it contributes to the unfolding and healing of our personality.<\/p>\n<p style=\"text-align: center;\">An Anabaptist perspective on how spiritual accompaniment can enrich congregational life and everyday discipleship.<\/p>\n<\/div><\/div><\/div><\/div>\n<\/div>\n<\/div>\n<\/div>\n\n<div class=\"et_pb_section_6 et_pb_section et_section_regular et_flex_section\">\n<div class=\"et_pb_row_5 et_pb_row et_flex_row\">\n<div class=\"et_pb_column_10 et_pb_column et_flex_column et_pb_css_mix_blend_mode_passthrough et_flex_column_12_24 et_flex_column_12_24_tablet et_flex_column_24_24_phone\">\n<div class=\"et_pb_blurb_8 et_pb_blurb et_pb_bg_layout_light et_pb_text_align_left et_pb_blurb_position_top et_clickable et_pb_module et_flex_module\"><div class=\"et_pb_blurb_content et_flex_module\"><div class=\"et_pb_main_blurb_image\"><span class=\"et_pb_image_wrap et_pb_only_image_mode_wrap\"><img loading=\"lazy\" decoding=\"async\" src=\"https:\/\/rosenwink.de\/wp-content\/uploads\/2025\/12\/00-Koerperwahrnehmung-500x500-1.jpg\" width=\"922\" height=\"922\" srcset=\"https:\/\/rosenwink.de\/wp-content\/uploads\/2025\/12\/00-Koerperwahrnehmung-500x500-1.jpg 922w, https:\/\/rosenwink.de\/wp-content\/uploads\/2025\/12\/00-Koerperwahrnehmung-500x500-1-480x480.jpg 480w\" sizes=\"(min-width: 0px) and (max-width: 480px) 480px, (min-width: 481px) 922px, 100vw\" class=\"wp-image-221738\" \/><\/span><\/div><div class=\"et_pb_blurb_container\"><h4 class=\"et_pb_module_header\">How Body Awareness Informs the Practice of Spiritual Direction<\/h4><div class=\"et_pb_blurb_description\"><p style=\"text-align: center;\">After a brief introduction about the role of the body in spirituality, the essay develops the main themes: Part A is about the physical sensibility to the movements of the Holy Spirit and the bodily perception of consolations. Part B is about the importance of body awareness for the spiritual director in the direction process. A few verbatim excerpts provide examples to my theses. Part C focuses on awareness towards a directee\u2019s body language and the implications of this. At each end of these parts I added a personal note, giving an example of how the described content has been significant in my own personal life and\/or in my spiritual direction ministry.<\/p>\n<\/div><\/div><\/div><\/div>\n<\/div>\n\n<div class=\"et_pb_column_11 et_pb_column et-last-child et_flex_column et_pb_css_mix_blend_mode_passthrough et_flex_column_12_24 et_flex_column_12_24_tablet et_flex_column_24_24_phone\">\n<div class=\"et_pb_blurb_9 et_pb_blurb et_pb_bg_layout_light et_pb_text_align_left et_pb_blurb_position_top et_clickable et_pb_module et_flex_module\"><div class=\"et_pb_blurb_content et_flex_module\"><div class=\"et_pb_main_blurb_image\"><span class=\"et_pb_image_wrap et_pb_only_image_mode_wrap\"><img loading=\"lazy\" decoding=\"async\" src=\"https:\/\/rosenwink.de\/wp-content\/uploads\/2025\/12\/00-Koerperwahrnehmung-2-500x500-1.jpg\" width=\"500\" height=\"500\" srcset=\"https:\/\/rosenwink.de\/wp-content\/uploads\/2025\/12\/00-Koerperwahrnehmung-2-500x500-1.jpg 500w, https:\/\/rosenwink.de\/wp-content\/uploads\/2025\/12\/00-Koerperwahrnehmung-2-500x500-1-480x480.jpg 480w\" sizes=\"(min-width: 0px) and (max-width: 480px) 480px, (min-width: 481px) 500px, 100vw\" class=\"wp-image-221756\" \/><\/span><\/div><div class=\"et_pb_blurb_container\"><h4 class=\"et_pb_module_header\">Wie K\u00f6rperwahrnehmung die Praxis Geistlicher Begleitung bereichert<\/h4><div class=\"et_pb_blurb_description\"><p style=\"text-align: center;\">Nach einer kurzen Einf\u00fchrung \u00fcber die Rolle des K\u00f6rpers in der Spiritualit\u00e4t entwickelt der Aufsatz die Hauptthemen: Teil A handelt von der k\u00f6rperlichen Sensibilit\u00e4t f\u00fcr die Bewegungen des Heiligen Geistes und der k\u00f6rperlichen Wahrnehmung von Tr\u00f6stungen. In Teil B geht es um die Bedeutung der K\u00f6rperwahrnehmung f\u00fcr die\/den Geistlichen Begleiter\/In im Begleitprozess. Einige Verbatims zeigen Beispiele zu meinen Thesen. Teil C konzentriert sich auf das Bewusstsein f\u00fcr die K\u00f6rpersprache einer begleiteten Person und die Auswirkungen davon. An jedem Ende dieser Teile habe ich eine pers\u00f6nliche Anmerkung hinzugef\u00fcgt, die ein Beispiel daf\u00fcr gibt, wie wichtig der beschriebene Inhalt in meinem eigenen pers\u00f6nlichen Leben und\/oder in meiner Begleitpraxis war.<\/p>\n<\/div><\/div><\/div><\/div>\n<\/div>\n<\/div>\n<\/div>","protected":false},"excerpt":{"rendered":"<p>Artikel und Beitr\u00e4ge f\u00fcr das geistliche Leben. Texte mit \u00dcbungen, die ich in den letzten Jahren geschrieben habe.<\/p>","protected":false},"author":1,"featured_media":0,"parent":0,"menu_order":0,"comment_status":"closed","ping_status":"closed","template":"","meta":{"footnotes":""},"class_list":["post-221533","page","type-page","status-publish","hentry"],"_links":{"self":[{"href":"https:\/\/rosenwink.de\/en\/wp-json\/wp\/v2\/pages\/221533","targetHints":{"allow":["GET"]}}],"collection":[{"href":"https:\/\/rosenwink.de\/en\/wp-json\/wp\/v2\/pages"}],"about":[{"href":"https:\/\/rosenwink.de\/en\/wp-json\/wp\/v2\/types\/page"}],"author":[{"embeddable":true,"href":"https:\/\/rosenwink.de\/en\/wp-json\/wp\/v2\/users\/1"}],"replies":[{"embeddable":true,"href":"https:\/\/rosenwink.de\/en\/wp-json\/wp\/v2\/comments?post=221533"}],"version-history":[{"count":75,"href":"https:\/\/rosenwink.de\/en\/wp-json\/wp\/v2\/pages\/221533\/revisions"}],"predecessor-version":[{"id":222024,"href":"https:\/\/rosenwink.de\/en\/wp-json\/wp\/v2\/pages\/221533\/revisions\/222024"}],"wp:attachment":[{"href":"https:\/\/rosenwink.de\/en\/wp-json\/wp\/v2\/media?parent=221533"}],"curies":[{"name":"wp","href":"https:\/\/api.w.org\/{rel}","templated":true}]}}