{"id":221542,"date":"2025-11-29T15:54:02","date_gmt":"2025-11-29T15:54:02","guid":{"rendered":"https:\/\/rosenwink.de\/?page_id=221542"},"modified":"2026-01-07T14:59:42","modified_gmt":"2026-01-07T14:59:42","slug":"uebungen","status":"publish","type":"page","link":"https:\/\/rosenwink.de\/en\/uebungen\/","title":{"rendered":"Exercises"},"content":{"rendered":"<div class=\"et_pb_section_0 et_pb_section et_pb_fullwidth_section et_section_regular et_block_section\">\n<div class=\"et_pb_fullwidth_image_0 et_pb_fullwidth_image et_pb_module\"><img loading=\"lazy\" decoding=\"async\" src=\"https:\/\/rosenwink.de\/wp-content\/uploads\/2025\/07\/yoann-boyer-i14h2xyPr18-unsplash-2z1-opt.jpg\" width=\"1600\" height=\"800\" srcset=\"https:\/\/rosenwink.de\/wp-content\/uploads\/2025\/07\/yoann-boyer-i14h2xyPr18-unsplash-2z1-opt.jpg 1600w, https:\/\/rosenwink.de\/wp-content\/uploads\/2025\/07\/yoann-boyer-i14h2xyPr18-unsplash-2z1-opt-1280x640.jpg 1280w, https:\/\/rosenwink.de\/wp-content\/uploads\/2025\/07\/yoann-boyer-i14h2xyPr18-unsplash-2z1-opt-980x490.jpg 980w, https:\/\/rosenwink.de\/wp-content\/uploads\/2025\/07\/yoann-boyer-i14h2xyPr18-unsplash-2z1-opt-480x240.jpg 480w\" sizes=\"(min-width: 0px) and (max-width: 480px) 480px, (min-width: 481px) and (max-width: 980px) 980px, (min-width: 981px) and (max-width: 1280px) 1280px, (min-width: 1281px) 1600px, 100vw\" class=\"wp-image-17\" title=\"1-16z9\" \/><\/div>\n<\/div>\n\n<div class=\"et_pb_section_1 et_pb_section et_section_regular et_flex_section preset--module--divi-section--wnvbtneu6e\">\n<div class=\"et_pb_row_0 et_pb_row et_flex_row\">\n<div class=\"et_pb_column_0 et_pb_column et-last-child et_flex_column et_pb_css_mix_blend_mode_passthrough et_flex_column_24_24 et_flex_column_24_24_tablet et_flex_column_24_24_phone\">\n<div class=\"et_pb_heading_0 et_pb_heading et_pb_module et_flex_module\"><div class=\"et_pb_heading_container\"><h1 class=\"et_pb_module_header\">Exercises<\/h1><\/div><\/div>\n<\/div>\n<\/div>\n<\/div>\n\n<div class=\"et_pb_section_2 et_pb_section et_section_regular et_block_section\">\n<div class=\"et_pb_row_1 et_pb_row et_block_row\">\n<div class=\"et_pb_column_1 et_pb_column et_pb_column_4_4 et-last-child et_block_column et_pb_css_mix_blend_mode_passthrough\">\n<div class=\"et_pb_text_0 et_pb_text et_pb_bg_layout_light et_pb_module et_block_module\"><div class=\"et_pb_text_inner\" data-et-mv-hidden-phone=\"true\"><h1 style=\"text-align: center;\"><span style=\"font-size: xx-large;\">A Collection of Helpful Instructions\u00a0<\/span><\/h1>\n<\/div><\/div>\n<\/div>\n<\/div>\n<\/div>\n\n<div class=\"et_pb_section_3 et_pb_section et_section_regular et_flex_section\">\n<div class=\"et_pb_row_2 et_pb_row et_flex_row\">\n<div class=\"et_pb_column_2 et_pb_column et-last-child et_flex_column et_pb_css_mix_blend_mode_passthrough et_flex_column_24_24 et_flex_column_24_24_tablet et_flex_column_24_24_phone\">\n<div class=\"et_pb_slider_0 et_pb_slider et_pb_slider_fullwidth_off et_pb_module et_flex_module\"><div class=\"et_pb_slides\">\n<div class=\"et_pb_slide_0 et_pb_slide et_pb_slider_with_overlay et_pb_media_alignment_center et_pb_bg_layout_dark\" data-slide-id=\"divi\/slide-0\"><div class=\"et_pb_slide_overlay_container\"><\/div><div class=\"et_pb_container\"><div class=\"et_pb_slider_container_inner\"><div class=\"et_pb_slide_description et_flex_module\"><h2 class=\"et_pb_slide_title\"><a href=\"https:\/\/rosenwink.de\/en\/ich-komme-zu-mir-um-zu-dir-zu-kommen\/\" target=\"\" class=\"et_pb_slide_title_link\">Body Awareness<\/a><\/h2><div class=\"et_pb_slide_content\"><p>I return to myself in order to turn toward YOU.\nThis 8\u20139 minute practice is well established and widely trusted.\nIt gently leads into inner stillness and the presence of God.\nIt can be used to prepare for Scripture meditation, journaling,\nother forms of prayer, or as a mindful way to begin the day\u2019s work.<\/p>\n<\/div><div class=\"et_pb_button_wrapper\"><a class=\"et_pb_button et_pb_more_button\" href=\"https:\/\/rosenwink.de\/en\/ich-komme-zu-mir-um-zu-dir-zu-kommen\/\">Mehr...<\/a><\/div><\/div><\/div><\/div><\/div>\n\n<div class=\"et_pb_slide_1 et_pb_slide et_pb_slider_with_overlay et_pb_media_alignment_center et_pb_bg_layout_dark\" data-slide-id=\"divi\/slide-1\"><div class=\"et_pb_slide_overlay_container\"><\/div><div class=\"et_pb_container\"><div class=\"et_pb_slider_container_inner\"><div class=\"et_pb_slide_description et_flex_module\"><h2 class=\"et_pb_slide_title\"><a href=\"https:\/\/rosenwink.de\/en\/schriftbetrachtung\/\" target=\"\" class=\"et_pb_slide_title_link\">Ignatian Meditation on Scripture<\/a><\/h2><div class=\"et_pb_slide_content\"><p>Das Herzst\u00fcck der Exerzitien. Nach einer kurzen K\u00f6rperwahrnehmung h\u00f6re ich auf einen Bibeltext und stelle mir dabei die Szene vor meinem inneren Auge bildlich vor. Dabei achte ich darauf, ob mir ein Detail, eine Bild nahegeht. Dorthin gehe ich mit meiner Aufmerksamkeit und verweile, versp\u00fcre und verkoste den Moment. Faszinierend ist oft: Was mir nahegeht, hat mit meinem Leben zu tun. Gott r\u00fchrt an etwas und hat etwas f\u00fcr mich...<\/p>\n<\/div><div class=\"et_pb_button_wrapper\"><a class=\"et_pb_button et_pb_more_button\" href=\"https:\/\/rosenwink.de\/en\/schriftbetrachtung\/\">Mehr...<\/a><\/div><\/div><\/div><\/div><\/div>\n\n<div class=\"et_pb_slide_2 et_pb_slide et_pb_slider_with_overlay et_pb_media_alignment_center et_pb_bg_layout_dark\" data-slide-id=\"divi\/slide-2\"><div class=\"et_pb_slide_overlay_container\"><\/div><div class=\"et_pb_container\"><div class=\"et_pb_slider_container_inner\"><div class=\"et_pb_slide_description et_flex_module\"><h2 class=\"et_pb_slide_title\"><a href=\"https:\/\/rosenwink.de\/en\/wahrnehmungsuebung-in-der-natur\/\" target=\"off\" class=\"et_pb_slide_title_link\">Perception Exercise in Nature<\/a><\/h2><div class=\"et_pb_slide_content\"><p>Nach ein paar Minuten Gehen werde ich bewusst langsamer. Ich richte meine Aufmerksamkeit aufs H\u00f6ren, Sehen, F\u00fchlen... Ich n\u00e4here mich dem, was mir nahe geht. Dort verweile ich, versp\u00fcre und verkoste den Moment...<\/p>\n<\/div><div class=\"et_pb_button_wrapper\"><a class=\"et_pb_button et_pb_more_button\" href=\"https:\/\/rosenwink.de\/en\/wahrnehmungsuebung-in-der-natur\/\">Mehr...<\/a><\/div><\/div><\/div><\/div><\/div>\n\n<div class=\"et_pb_slide_3 et_pb_slide et_pb_slider_with_overlay et_pb_media_alignment_center et_pb_bg_layout_dark\" data-slide-id=\"divi\/slide-3\"><div class=\"et_pb_slide_overlay_container\"><\/div><div class=\"et_pb_container\"><div class=\"et_pb_slider_container_inner\"><div class=\"et_pb_slide_description et_flex_module\"><h2 class=\"et_pb_slide_title\"><a href=\"https:\/\/rosenwink.de\/en\/ein-atemgebet-in-akuter-angst\/\" target=\"\" class=\"et_pb_slide_title_link\">Breath Prayer in Acute Fear<\/a><\/h2><div class=\"et_pb_slide_content\"><p class=\"translation-block\">Emotional regulation and prayer of petition at the same time:<br>Through conscious awareness of the breath, attention loosens from spirals <br>of worry and returns to the body. A sense of soothing relief may arise.<\/p>\n<\/div><div class=\"et_pb_button_wrapper\"><a class=\"et_pb_button et_pb_more_button\" href=\"https:\/\/rosenwink.de\/en\/ein-atemgebet-in-akuter-angst\/\">Mehr...<\/a><\/div><\/div><\/div><\/div><\/div>\n\n<div class=\"et_pb_slide_4 et_pb_slide et_pb_slider_with_overlay et_pb_media_alignment_center et_pb_bg_layout_dark\" data-slide-id=\"divi\/slide-4\"><div class=\"et_pb_slide_overlay_container\"><\/div><div class=\"et_pb_container\"><div class=\"et_pb_slider_container_inner\"><div class=\"et_pb_slide_description et_flex_module\"><h2 class=\"et_pb_slide_title\"><a href=\"https:\/\/rosenwink.de\/en\/freiraum-uebung\/\" target=\"\" class=\"et_pb_slide_title_link\">Open Space Exercise<\/a><\/h2><div class=\"et_pb_slide_content\"><p>In dieser etwa 20-min\u00fctigen Wahrnehmungs\u00fcbung sp\u00fcre ich in mich hinein und nehme wahr, was mich im Moment besch\u00e4ftigt. Ohne ins Gr\u00fcbeln zu geraten, richte ich meine Aufmerksamkeit darauf, wo und wie mein K\u00f6rper Belastungen, Sorgen oder offene Themen tr\u00e4gt \u2013 eine innere Entdeckungsreise...<\/p>\n<\/div><div class=\"et_pb_button_wrapper\"><a class=\"et_pb_button et_pb_more_button\" href=\"https:\/\/rosenwink.de\/en\/freiraum-uebung\/\">Mehr...<\/a><\/div><\/div><\/div><\/div><\/div>\n\n<div class=\"et_pb_slide_5 et_pb_slide et_pb_slider_with_overlay et_pb_media_alignment_center et_pb_bg_layout_dark\" data-slide-id=\"divi\/slide-5\"><div class=\"et_pb_slide_overlay_container\"><\/div><div class=\"et_pb_container\"><div class=\"et_pb_slider_container_inner\"><div class=\"et_pb_slide_description et_flex_module\"><h2 class=\"et_pb_slide_title\"><a href=\"https:\/\/rosenwink.de\/en\/221625-2\/\" target=\"\" class=\"et_pb_slide_title_link\">Review of the Day<\/a><\/h2><div class=\"et_pb_slide_content\"><p>The so-called Examen is a brief, loving review of the day.\nIt is a gentle form of prayer that, over time, makes you more attentive\nto the meaningful moments of everyday life.\nIt fosters a contemplative way of living\nand deepens awareness of one\u2019s own inner movements.\u00a0\u00a0<\/p>\n<\/div><div class=\"et_pb_button_wrapper\"><a class=\"et_pb_button et_pb_more_button\" href=\"https:\/\/rosenwink.de\/en\/221625-2\/\">Mehr...<\/a><\/div><\/div><\/div><\/div><\/div>\n<\/div><\/div>\n<\/div>\n<\/div>\n<\/div>\n\n<div class=\"et_pb_section_4 et_pb_section et_section_regular et_block_section\">\n<div class=\"et_pb_row_3 et_pb_row et_flex_row\">\n<div class=\"et_pb_column_3 et_pb_column et-last-child et_flex_column et_pb_css_mix_blend_mode_passthrough et_flex_column_24_24 et_flex_column_24_24_tablet et_flex_column_24_24_phone\">\n<div class=\"et_pb_testimonial_0 et_pb_testimonial et_pb_bg_layout_light et_pb_module et_flex_module preset--module--divi-testimonial--9tvegtiea9\"><div class=\"et_pb_testimonial_inner\"><div class=\"et_pb_testimonial_portrait\" style=\"background-image:url(https:\/\/rosenwink.de\/wp-content\/uploads\/2025\/08\/ChatGPT-Image-9.-Juli-2025-14_23_23.png)\"><\/div><div class=\"et_pb_testimonial_description et_flex_module\"><div class=\"et_pb_testimonial_description_inner\"><div class=\"et_pb_testimonial_content\"><p lang=\"de-AT\" align=\"center\">The believer of tomorrow will be a mystic \u2014\nsomeone who has experienced something \u2014\nor they will not be at all.<\/p>\n<\/div><\/div><div class=\"et_pb_testimonial_author\">Karl Rahner<\/div><div class=\"et_pb_testimonial_meta\"><\/div><\/div><\/div><\/div>\n\n<div class=\"et_pb_text_1 et_pb_text et_pb_bg_layout_light et_pb_module et_flex_module\"><div class=\"et_pb_text_inner\"><p>GuL 39\/5 (1966) 326-342<\/p>\n<\/div><\/div>\n<\/div>\n<\/div>\n<\/div>","protected":false},"excerpt":{"rendered":"<p>Eine Sammlung bew\u00e4hrter Geistlicher \u00dcbungen, Audio-Anleitungen.<\/p>","protected":false},"author":1,"featured_media":0,"parent":0,"menu_order":0,"comment_status":"closed","ping_status":"closed","template":"","meta":{"footnotes":""},"class_list":["post-221542","page","type-page","status-publish","hentry"],"_links":{"self":[{"href":"https:\/\/rosenwink.de\/en\/wp-json\/wp\/v2\/pages\/221542","targetHints":{"allow":["GET"]}}],"collection":[{"href":"https:\/\/rosenwink.de\/en\/wp-json\/wp\/v2\/pages"}],"about":[{"href":"https:\/\/rosenwink.de\/en\/wp-json\/wp\/v2\/types\/page"}],"author":[{"embeddable":true,"href":"https:\/\/rosenwink.de\/en\/wp-json\/wp\/v2\/users\/1"}],"replies":[{"embeddable":true,"href":"https:\/\/rosenwink.de\/en\/wp-json\/wp\/v2\/comments?post=221542"}],"version-history":[{"count":26,"href":"https:\/\/rosenwink.de\/en\/wp-json\/wp\/v2\/pages\/221542\/revisions"}],"predecessor-version":[{"id":222054,"href":"https:\/\/rosenwink.de\/en\/wp-json\/wp\/v2\/pages\/221542\/revisions\/222054"}],"wp:attachment":[{"href":"https:\/\/rosenwink.de\/en\/wp-json\/wp\/v2\/media?parent=221542"}],"curies":[{"name":"wp","href":"https:\/\/api.w.org\/{rel}","templated":true}]}}