{"id":221556,"date":"2025-12-06T15:25:46","date_gmt":"2025-12-06T15:25:46","guid":{"rendered":"https:\/\/rosenwink.de\/?page_id=221556"},"modified":"2025-12-27T10:14:59","modified_gmt":"2025-12-27T10:14:59","slug":"wahrnehmungsuebung-in-der-natur","status":"publish","type":"page","link":"https:\/\/rosenwink.de\/en\/wahrnehmungsuebung-in-der-natur\/","title":{"rendered":"Perception Exercise in Nature"},"content":{"rendered":"<div class=\"et_pb_section_0 et_pb_section et_pb_fullwidth_section et_section_regular et_block_section\">\n<div class=\"et_pb_fullwidth_image_0 et_pb_fullwidth_image et_pb_module\"><img loading=\"lazy\" decoding=\"async\" src=\"https:\/\/rosenwink.de\/wp-content\/uploads\/2025\/12\/Moos2z1.jpg\" width=\"1800\" height=\"900\" srcset=\"https:\/\/rosenwink.de\/wp-content\/uploads\/2025\/12\/Moos2z1.jpg 1800w, https:\/\/rosenwink.de\/wp-content\/uploads\/2025\/12\/Moos2z1-1280x640.jpg 1280w, https:\/\/rosenwink.de\/wp-content\/uploads\/2025\/12\/Moos2z1-980x490.jpg 980w, https:\/\/rosenwink.de\/wp-content\/uploads\/2025\/12\/Moos2z1-480x240.jpg 480w\" sizes=\"(min-width: 0px) and (max-width: 480px) 480px, (min-width: 481px) and (max-width: 980px) 980px, (min-width: 981px) and (max-width: 1280px) 1280px, (min-width: 1281px) 1800px, 100vw\" class=\"wp-image-221868\" title=\"1-16z9\" \/><\/div>\n<\/div>\n\n<div class=\"et_pb_section_1 et_pb_section et_section_regular et_flex_section preset--module--divi-section--wnvbtneu6e\">\n<div class=\"et_pb_row_0 et_pb_row et_flex_row\">\n<div class=\"et_pb_column_0 et_pb_column et-last-child et_flex_column et_pb_css_mix_blend_mode_passthrough et_flex_column_24_24 et_flex_column_24_24_tablet et_flex_column_24_24_phone\">\n<div class=\"et_pb_heading_0 et_pb_heading et_pb_module et_flex_module\"><div class=\"et_pb_heading_container\"><h1 class=\"et_pb_module_header\">Perception Exercise in Nature<\/h1><\/div><\/div>\n<\/div>\n<\/div>\n<\/div>\n\n<div class=\"et_pb_section_2 et_pb_section et_section_regular et_block_section\">\n<div class=\"et_pb_row_1 et_pb_row et_block_row\">\n<div class=\"et_pb_column_1 et_pb_column et_pb_column_4_4 et-last-child et_block_column et_pb_css_mix_blend_mode_passthrough\">\n<div class=\"et_pb_text_0 et_pb_text et_pb_bg_layout_light et_pb_module et_block_module\"><div class=\"et_pb_text_inner\" data-et-mv-hidden-tablet=\"true\"><h1 style=\"text-align: center;\"><span style=\"font-size: xx-large;\">Ich n\u00e4here mich dem, was mir nahe geht...\u00a0<\/span><\/h1>\n<\/div><\/div>\n<\/div>\n<\/div>\n<\/div>\n\n<div class=\"et_pb_section_3 et_pb_section et_section_regular et_flex_section\">\n<div class=\"et_pb_row_2 et_pb_row et_flex_row\">\n<div class=\"et_pb_column_2 et_pb_column et-last-child et_flex_column et_pb_css_mix_blend_mode_passthrough et_flex_column_24_24 et_flex_column_24_24_tablet et_flex_column_24_24_phone\">\n<div class=\"et_pb_text_1 et_pb_text et_pb_bg_layout_light et_pb_module et_flex_module\"><div class=\"et_pb_text_inner\"><ul>\n<li align=\"left\"><span style=\"font-family: Calibri, serif;\"><span style=\"font-size: small;\"><span style=\"font-size: medium;\">I go outside into nature \u2014 into the forest, the garden, or onto a quiet street \u2014 even if the weather does not particularly invite me.<\/span><\/span><\/span><\/li>\n<li>\n<p align=\"left\"><span style=\"font-family: Calibri, serif;\"><span style=\"font-size: small;\"><span style=\"font-size: medium;\">After a few minutes of walking, I slow down and begin to notice (sensing, hearing, seeing, smelling\u2026).<\/span><\/span><\/span><\/p>\n<\/li>\n<li>\n<p align=\"left\"><span style=\"font-family: Calibri, serif;\"><span style=\"font-size: small;\"><span style=\"font-size: medium;\">I approach the place or object that draws me. There I pause.<\/span><\/span><\/span><\/p>\n<\/li>\n<li>\n<p align=\"left\"><span style=\"font-family: Calibri, serif;\"><span style=\"font-size: small;\"><span style=\"font-size: medium;\">I linger, take in, savor\u2026 <\/span><\/span><\/span><\/p>\n<\/li>\n<li>\n<p align=\"left\"><span style=\"font-family: Calibri, serif;\"><span style=\"font-size: small;\"><span style=\"font-size: medium;\">I notice whether something from God comes toward me in this experience\u2026<\/span><\/span><\/span><\/p>\n<\/li>\n<li>\n<p align=\"left\"><span style=\"font-family: Calibri, serif;\"><span style=\"font-size: small;\"><span style=\"font-size: medium;\">When the moment has been fully tasted, I move on \u2014 open to what comes next.<\/span><\/span><\/span><\/p>\n<\/li>\n<li>\n<p align=\"left\"><span style=\"font-family: Calibri, serif;\"><span style=\"font-size: small;\"><span style=\"font-size: medium;\">When the time comes to an end, I turn back.<\/span><\/span><\/span><\/p>\n<\/li>\n<li>\n<p align=\"left\"><span style=\"font-family: Calibri, serif;\"><span style=\"font-size: small;\"><span style=\"font-size: medium;\">On the way home, I may tell God what lies on my heart.<\/span><\/span><\/span><\/p>\n<\/li>\n<li>\n<p align=\"left\"><span style=\"font-family: Calibri, serif;\"><span style=\"font-size: small;\"><span style=\"font-size: medium;\">Back home: How was it for me? What was important? I write down a thought or perception.<\/span><\/span><\/span><\/p>\n<\/li>\n<\/ul>\n<\/div><\/div>\n<\/div>\n<\/div>\n<\/div>\n\n<div class=\"et_pb_section_4 et_pb_section et_section_regular et_flex_section\">\n<div class=\"et_pb_row_3 et_pb_row et_flex_row\">\n<div class=\"et_pb_column_3 et_pb_column et-last-child et_flex_column et_pb_css_mix_blend_mode_passthrough et_flex_column_24_24 et_flex_column_24_24_tablet et_flex_column_24_24_phone\">\n<div class=\"et_pb_text_2 et_pb_text et_pb_bg_layout_light et_pb_module et_flex_module\"><div class=\"et_pb_text_inner\"><p align=\"left\"><span style=\"font-family: Calibri, serif;\"><span style=\"font-size: small;\"><span style=\"font-size: medium;\">If you have tried the exercise once, you can deepen it in the following way: <\/span><\/span><\/span><\/p>\n<ul>\n<li align=\"left\"><span style=\"font-family: Calibri, serif;\"><span style=\"font-size: small;\"><span style=\"font-size: medium;\">Before going outside, choose a clear starting point. For example, set a timer for 20 minutes. This makes it clear: \u201cI am practicing staying with my perception for 20 minutes.\u201d It will then be easier to return to awareness when you get distracted.<\/span><\/span><\/span><\/li>\n<li>\n<p align=\"left\"><span style=\"font-family: Calibri, serif;\"><span style=\"font-size: small;\"><span style=\"font-size: medium;\">Sp\u00fcre beim Gehen bewusst den Boden unter deinen F\u00fc\u00dfen, den Wind auf deiner Haut, die W\u00e4rme der Sonne... Vom Deutlichen hin zum Leichten...<\/span><\/span><\/span><\/p>\n<\/li>\n<li>\n<p align=\"left\"><span style=\"font-family: Calibri, serif;\"><span style=\"font-size: small;\"><span style=\"font-size: medium;\">H\u00f6re bewusst auf die Ger\u00e4usche, die dich umgeben. (Autos, das Zwitschern der V\u00f6gel, das Rauschen des Windes...) Vom Lauten hin zum Leisen...<\/span><\/span><\/span><\/p>\n<\/li>\n<li>\n<p align=\"left\"><span style=\"font-family: Calibri, serif;\"><span style=\"font-size: small;\"><span style=\"font-size: medium;\">Nimm Dinge in die Hand und betaste sie, z.B. einen Stein, die Rinde eines Baumes, einen Zweig. Vom Groben hin zum Feinen...<\/span><\/span><\/span><\/p>\n<\/li>\n<li>\n<p align=\"left\"><span style=\"font-family: Calibri, serif;\"><span style=\"font-size: small;\"><span style=\"font-size: medium;\">Look at what surrounds you as if for the first time. Notice details: a flower, a leaf, the colors and shapes that speak to you and resonate in your body.<\/span><\/span><\/span><\/p>\n<\/li>\n<li>\n<p align=\"left\"><span style=\"font-family: Calibri, serif;\"><span style=\"font-size: small;\"><span style=\"font-size: medium;\">Smell the air around you. If you like, smell trees or other things you might not normally bring close to your nose.<\/span><\/span><\/span><\/p>\n<\/li>\n<li>\n<p align=\"left\"><span style=\"font-family: Calibri, serif;\"><span style=\"font-size: small;\"><span style=\"font-size: medium;\">Wenn ich ins Gr\u00fcbeln komme, ins Analysieren (z.B. \u201eDas ist eine Buche, das eine Eiche...), lasse ich die Gedanken ziehen und kehre in die Wahrnehmung zur\u00fcck. Wenn Gef\u00fchle auftauchen, nehme ich diese kurz wahr, ohne sie zu werten, und kehre in die Wahrnehmung zur\u00fcck.<\/span><\/span><\/span><\/p>\n<\/li>\n<\/ul>\n<\/div><\/div>\n<\/div>\n<\/div>\n<\/div>\n\n<div class=\"et_pb_section_5 et_pb_section et_section_regular et_block_section\">\n<div class=\"et_pb_row_4 et_pb_row et_flex_row\">\n<div class=\"et_pb_column_4 et_pb_column et-last-child et_flex_column et_pb_css_mix_blend_mode_passthrough et_flex_column_24_24 et_flex_column_24_24_tablet et_flex_column_24_24_phone\">\n<div class=\"et_pb_testimonial_0 et_pb_testimonial et_pb_bg_layout_light et_pb_text_align_left-phone et_pb_module et_flex_module preset--module--divi-testimonial--9tvegtiea9\"><div class=\"et_pb_testimonial_inner\"><div class=\"et_pb_testimonial_portrait\" style=\"background-image:url(https:\/\/rosenwink.de\/wp-content\/uploads\/2025\/12\/Meise-kl.png)\"><\/div><div class=\"et_pb_testimonial_description et_flex_module\"><div class=\"et_pb_testimonial_description_inner\"><div class=\"et_pb_testimonial_content\"><p>I go among trees and sit still.<br \/>All my stirring becomes quiet<br \/>around me like circles on water.<br \/>My tasks lie in their places<br \/>where I left them, asleep like cattle.<\/p>\n<p>Then what is afraid of me comes<br \/>and lives a while in my sight.<br \/>What it fears in me leaves me,<br \/>and the fear of me leaves it.<br \/>It sings, and I hear its song.<\/p>\n<p>Then what I am afraid of comes.<br \/>I live for a while in its sight.<br \/>What I fear in it leaves it,<br \/>and the fear of it leaves me.<br \/>It sings, and I hear its song.<\/p>\n<p>After days of labor,<br \/>mute in my consternations,<br \/>I hear my song at last,<br \/>and I sing it. As we sing,<br \/>the day turns, the trees move.<\/p>\n<\/div><\/div><div class=\"et_pb_testimonial_author\">Wendell Berry<\/div><div class=\"et_pb_testimonial_meta\"><\/div><\/div><\/div><\/div>\n\n<div class=\"et_pb_text_3 et_pb_text et_pb_bg_layout_light et_pb_module et_flex_module\"><div class=\"et_pb_text_inner\"><p style=\"text-align: right;\">\u201cI go among trees and sit still.\u201d from This Day: Collected and New Sabbath Poems 1979-2012. Copyright \u00a9 1979 by Wendell Berry.<br \/>Used with the permission of The Permissions Company, LLC on behalf of Counterpoint Press, counterpointpress.com.<\/p>\n<\/div><\/div>\n<\/div>\n<\/div>\n<\/div>","protected":false},"excerpt":{"rendered":"<p>Eine Anleitung in eine Wahrnehmungs\u00fcbung in der Natur. Sich f\u00fcr Gottes N\u00e4he in der Natur \u00f6ffnen. <\/p>","protected":false},"author":1,"featured_media":0,"parent":0,"menu_order":0,"comment_status":"closed","ping_status":"closed","template":"","meta":{"footnotes":""},"class_list":["post-221556","page","type-page","status-publish","hentry"],"_links":{"self":[{"href":"https:\/\/rosenwink.de\/en\/wp-json\/wp\/v2\/pages\/221556","targetHints":{"allow":["GET"]}}],"collection":[{"href":"https:\/\/rosenwink.de\/en\/wp-json\/wp\/v2\/pages"}],"about":[{"href":"https:\/\/rosenwink.de\/en\/wp-json\/wp\/v2\/types\/page"}],"author":[{"embeddable":true,"href":"https:\/\/rosenwink.de\/en\/wp-json\/wp\/v2\/users\/1"}],"replies":[{"embeddable":true,"href":"https:\/\/rosenwink.de\/en\/wp-json\/wp\/v2\/comments?post=221556"}],"version-history":[{"count":14,"href":"https:\/\/rosenwink.de\/en\/wp-json\/wp\/v2\/pages\/221556\/revisions"}],"predecessor-version":[{"id":222044,"href":"https:\/\/rosenwink.de\/en\/wp-json\/wp\/v2\/pages\/221556\/revisions\/222044"}],"wp:attachment":[{"href":"https:\/\/rosenwink.de\/en\/wp-json\/wp\/v2\/media?parent=221556"}],"curies":[{"name":"wp","href":"https:\/\/api.w.org\/{rel}","templated":true}]}}