{"id":221625,"date":"2025-12-12T12:56:46","date_gmt":"2025-12-12T12:56:46","guid":{"rendered":"https:\/\/rosenwink.de\/?page_id=221625"},"modified":"2025-12-27T10:09:24","modified_gmt":"2025-12-27T10:09:24","slug":"221625-2","status":"publish","type":"page","link":"https:\/\/rosenwink.de\/en\/221625-2\/","title":{"rendered":"Review of the Day"},"content":{"rendered":"<div class=\"et_pb_section_0 et_pb_section et_pb_fullwidth_section et_section_regular et_block_section\">\n<div class=\"et_pb_fullwidth_image_0 et_pb_fullwidth_image et_pb_module\" title=\"constable john seascape-study-with-rain-cloud-1-2z1\"><img loading=\"lazy\" decoding=\"async\" src=\"https:\/\/rosenwink.de\/wp-content\/uploads\/2025\/08\/Joseph_Mallord_William_Turner_-_Snow_Storm_-_Steam-Boat_off_a_Harbours_Mouth_-_WGA23178-2z1.jpg\" width=\"1800\" height=\"900\" srcset=\"https:\/\/rosenwink.de\/wp-content\/uploads\/2025\/08\/Joseph_Mallord_William_Turner_-_Snow_Storm_-_Steam-Boat_off_a_Harbours_Mouth_-_WGA23178-2z1.jpg 1800w, https:\/\/rosenwink.de\/wp-content\/uploads\/2025\/08\/Joseph_Mallord_William_Turner_-_Snow_Storm_-_Steam-Boat_off_a_Harbours_Mouth_-_WGA23178-2z1-1280x640.jpg 1280w, https:\/\/rosenwink.de\/wp-content\/uploads\/2025\/08\/Joseph_Mallord_William_Turner_-_Snow_Storm_-_Steam-Boat_off_a_Harbours_Mouth_-_WGA23178-2z1-980x490.jpg 980w, https:\/\/rosenwink.de\/wp-content\/uploads\/2025\/08\/Joseph_Mallord_William_Turner_-_Snow_Storm_-_Steam-Boat_off_a_Harbours_Mouth_-_WGA23178-2z1-480x240.jpg 480w\" sizes=\"(min-width: 0px) and (max-width: 480px) 480px, (min-width: 481px) and (max-width: 980px) 980px, (min-width: 981px) and (max-width: 1280px) 1280px, (min-width: 1281px) 1800px, 100vw\" class=\"wp-image-90\" title=\"1-16z9\" \/><\/div>\n<\/div>\n\n<div class=\"et_pb_section_1 et_pb_section et_section_regular et_flex_section preset--module--divi-section--wnvbtneu6e\">\n<div class=\"et_pb_row_0 et_pb_row et_flex_row\">\n<div class=\"et_pb_column_0 et_pb_column et-last-child et_flex_column et_pb_css_mix_blend_mode_passthrough et_flex_column_24_24 et_flex_column_24_24_tablet et_flex_column_24_24_phone\">\n<div class=\"et_pb_heading_0 et_pb_heading et_pb_module et_flex_module preset--module--divi-heading--59siz3owrl\"><div class=\"et_pb_heading_container\"><h1 class=\"et_pb_module_header\">Review of the Day<\/h1><\/div><\/div>\n<\/div>\n<\/div>\n<\/div>\n\n<div class=\"et_pb_section_2 et_pb_section et_section_regular et_block_section\">\n<div class=\"et_pb_row_1 et_pb_row et_block_row\">\n<div class=\"et_pb_column_1 et_pb_column et_pb_column_4_4 et-last-child et_block_column et_pb_css_mix_blend_mode_passthrough\">\n<div class=\"et_pb_text_0 et_pb_text et_pb_bg_layout_light et_pb_module et_block_module\"><div class=\"et_pb_text_inner\" data-et-mv-hidden-phone=\"true\"><h1 style=\"text-align: center;\"><span style=\"font-size: xx-large;\">\"Gebet der liebenden Aufmerksamkeit\"\u00a0<\/span><\/h1>\n<\/div><\/div>\n<\/div>\n<\/div>\n<\/div>\n\n<div class=\"et_pb_section_3 et_pb_section et_section_regular et_flex_section\">\n<div class=\"et_pb_row_2 et_pb_row et_flex_row\">\n<div class=\"et_pb_column_2 et_pb_column et-last-child et_flex_column et_pb_css_mix_blend_mode_passthrough et_flex_column_24_24 et_flex_column_24_24_tablet et_flex_column_24_24_phone\">\n<div class=\"et_pb_text_1 et_pb_text et_pb_bg_layout_light et_pb_module et_flex_module\"><div class=\"et_pb_text_inner\"><p>Right in the midst of my everyday life, something often happens that touches me. When I am in \u201cwork mode,\u201d I may only notice such moments briefly and then immediately move on to my tasks. The experience is lost. Yet in remembering, I reclaim it. I can enter the moment again and savor it.<\/p>\n<p>The so-called \"Prayer of Loving Attention\" makes me sensitive to these special moments. I recommend praying it daily for a while \u2014 perhaps best in the evening, as a review of the day. The effect of this short prayer unfolds slowly\u2026 over time, you will move through life with greater attentiveness.<\/p>\n<\/div>\n<div class=\"et_pb_audio_0 et_pb_audio et_pb_audio_module et_pb_bg_layout_light et_pb_text_color_dark et_pb_audio_no_image et_pb_module et_flex_module\"><div class=\"et_pb_audio_module_content et_audio_container et_flex_module\"><h2 class=\"et_pb_module_header\">Audio guide<\/h2><p class=\"et_audio_module_meta\"><span>Make yourself comfortable; the exercise takes about 8 minutes.<\/span><\/p><audio class=\"wp-audio-shortcode\" id=\"audio-221625-1\" preload=\"none\" style=\"width: 100%;\" controls=\"controls\"><source type=\"audio\/mpeg\" src=\"https:\/\/rosenwink.de\/wp-content\/uploads\/2025\/12\/Tagesrueckblick-kurz.mp3?_=1\" \/><a href=\"https:\/\/rosenwink.de\/wp-content\/uploads\/2025\/12\/Tagesrueckblick-kurz.mp3\">https:\/\/rosenwink.de\/wp-content\/uploads\/2025\/12\/Tagesrueckblick-kurz.mp3<\/a><\/audio><\/div><\/div>\n<\/div>\n<\/div>\n<\/div>\n<\/div>\n\n<div class=\"et_pb_section_4 et_pb_section et_section_regular et_block_section\">\n<div class=\"et_pb_row_3 et_pb_row et_flex_row\">\n<div class=\"et_pb_column_3 et_pb_column et-last-child et_flex_column et_pb_css_mix_blend_mode_passthrough et_flex_column_24_24 et_flex_column_24_24_tablet et_flex_column_24_24_phone\">\n<div class=\"et_pb_testimonial_0 et_pb_testimonial et_pb_bg_layout_light et_pb_module et_flex_module preset--module--divi-testimonial--9tvegtiea9\"><div class=\"et_pb_testimonial_inner\"><div class=\"et_pb_testimonial_portrait\" style=\"background-image:url(https:\/\/rosenwink.de\/wp-content\/uploads\/2025\/12\/Alfred-Delp-kl.png)\"><\/div><div class=\"et_pb_testimonial_description et_flex_module\"><div class=\"et_pb_testimonial_description_inner\"><div class=\"et_pb_testimonial_content\"><p class=\"translation-block\">This one thing has become so clear and tangible to me as rarely before:<br>\nThe world is so full of God.<br>\nFrom all the pores of things, God seems to stream toward us. And yet we are often blind.<br>\nWe get stuck in beautiful moments and in painful ones alike, and do not live them through to their source, to the wellspring from which they flow out of God.<br> This applies to all beauty \u2014 and also to misery.<br>\nIn everything, God desires encounter\nand asks for our adoring, self-giving response.<\/p>\n<\/div><\/div><div class=\"et_pb_testimonial_author\">Alfred Delp<\/div><div class=\"et_pb_testimonial_meta\"><\/div><\/div><\/div><\/div>\n<\/div>\n<\/div>\n<\/div>\n\n<div class=\"et_pb_section_5 et_pb_section et_section_regular et_flex_section\">\n<div class=\"et_pb_row_4 et_pb_row et_flex_row\">\n<div class=\"et_pb_column_4 et_pb_column et-last-child et_flex_column et_pb_css_mix_blend_mode_passthrough et_flex_column_24_24 et_flex_column_24_24_tablet et_flex_column_24_24_phone\">\n<div class=\"et_pb_text_2 et_pb_text et_pb_bg_layout_light et_pb_module et_flex_module\"><div class=\"et_pb_text_inner\"><p align=\"left\"><strong>Instruction <\/strong><\/p>\n<p align=\"left\">\u2022 Ich komme innerlich zur Ruhe (z.B. indem ich meine Atmung sp\u00fcre) und f\u00fchre mir vor Augen: Gott ist gegenw\u00e4rtig. Ich bin da vor Gott.<br \/>\u2022 Ich nehme meinen Tag aufmerksam und liebend wahr. Mir kommen Szenen in die Erinnerung. Ohne sie zu werten und zu beurteilen betrachte ich sie. Dabei nehme ich die \u201eStimmung\u201c der Erinnerung wahr (\u201eWie war das?\u201c). Ich bleibe ein wenig dabei und gehe dann weiter... Dies kann im \u201eZeitraffertempo\u201c und manchmal auch in \u201eZeitlupe\u201c geschehen. Es d\u00fcrfen alle Gedanken, Empfindungen, Freuden und \u00c4ngste wieder aufsteigen oder sich auch neu melden.<br \/>\u2022 Ich danke Gott f\u00fcr alles Gute und Sch\u00f6ne \u2026<br \/>\u2022 Ich lege Schweres und Belastendes vor Gott hin und bitte um L\u00f6sung oder Heilung \u2026<br \/>\u2022 Abschlussgebet: Z.B. \u00bbDu breitest diesen Tag aus vor mir... alles lasse ich Dir, Du unergr\u00fcndliches Erbarmen... Dein bin ich. Amen\u00bb<\/p>\n<\/div><\/div>\n<\/div>\n<\/div>\n<\/div>","protected":false},"excerpt":{"rendered":"<p>Anleitungen in einen Tagesr\u00fcckblick. Gebet der liebenden Aufmerksamkeit.<\/p>","protected":false},"author":1,"featured_media":0,"parent":0,"menu_order":0,"comment_status":"closed","ping_status":"closed","template":"","meta":{"footnotes":""},"class_list":["post-221625","page","type-page","status-publish","hentry"],"_links":{"self":[{"href":"https:\/\/rosenwink.de\/en\/wp-json\/wp\/v2\/pages\/221625","targetHints":{"allow":["GET"]}}],"collection":[{"href":"https:\/\/rosenwink.de\/en\/wp-json\/wp\/v2\/pages"}],"about":[{"href":"https:\/\/rosenwink.de\/en\/wp-json\/wp\/v2\/types\/page"}],"author":[{"embeddable":true,"href":"https:\/\/rosenwink.de\/en\/wp-json\/wp\/v2\/users\/1"}],"replies":[{"embeddable":true,"href":"https:\/\/rosenwink.de\/en\/wp-json\/wp\/v2\/comments?post=221625"}],"version-history":[{"count":12,"href":"https:\/\/rosenwink.de\/en\/wp-json\/wp\/v2\/pages\/221625\/revisions"}],"predecessor-version":[{"id":222040,"href":"https:\/\/rosenwink.de\/en\/wp-json\/wp\/v2\/pages\/221625\/revisions\/222040"}],"wp:attachment":[{"href":"https:\/\/rosenwink.de\/en\/wp-json\/wp\/v2\/media?parent=221625"}],"curies":[{"name":"wp","href":"https:\/\/api.w.org\/{rel}","templated":true}]}}