{"id":221632,"date":"2025-12-12T13:13:25","date_gmt":"2025-12-12T13:13:25","guid":{"rendered":"https:\/\/rosenwink.de\/?page_id=221632"},"modified":"2025-12-27T09:57:00","modified_gmt":"2025-12-27T09:57:00","slug":"freiraum-uebung","status":"publish","type":"page","link":"https:\/\/rosenwink.de\/en\/freiraum-uebung\/","title":{"rendered":"Open Space Exercise"},"content":{"rendered":"<div class=\"et_pb_section_0 et_pb_section et_pb_fullwidth_section et_section_regular et_block_section\">\n<div class=\"et_pb_fullwidth_image_0 et_pb_fullwidth_image et_pb_module\" title=\"constable john seascape-study-with-rain-cloud-1-2z1\"><img loading=\"lazy\" decoding=\"async\" src=\"https:\/\/rosenwink.de\/wp-content\/uploads\/2025\/08\/david-clode-UsPSg9uiMFU-unsplash-2z1-scaled.jpg\" width=\"2560\" height=\"1280\" srcset=\"https:\/\/rosenwink.de\/wp-content\/uploads\/2025\/08\/david-clode-UsPSg9uiMFU-unsplash-2z1-scaled.jpg 2560w, https:\/\/rosenwink.de\/wp-content\/uploads\/2025\/08\/david-clode-UsPSg9uiMFU-unsplash-2z1-1280x640.jpg 1280w, https:\/\/rosenwink.de\/wp-content\/uploads\/2025\/08\/david-clode-UsPSg9uiMFU-unsplash-2z1-980x490.jpg 980w, https:\/\/rosenwink.de\/wp-content\/uploads\/2025\/08\/david-clode-UsPSg9uiMFU-unsplash-2z1-480x240.jpg 480w\" sizes=\"(min-width: 0px) and (max-width: 480px) 480px, (min-width: 481px) and (max-width: 980px) 980px, (min-width: 981px) and (max-width: 1280px) 1280px, (min-width: 1281px) 2560px, 100vw\" class=\"wp-image-82\" title=\"1-16z9\" \/><\/div>\n<\/div>\n\n<div class=\"et_pb_section_1 et_pb_section et_section_regular et_flex_section preset--module--divi-section--wnvbtneu6e\">\n<div class=\"et_pb_row_0 et_pb_row et_flex_row\">\n<div class=\"et_pb_column_0 et_pb_column et-last-child et_flex_column et_pb_css_mix_blend_mode_passthrough et_flex_column_24_24 et_flex_column_24_24_tablet et_flex_column_24_24_phone\">\n<div class=\"et_pb_heading_0 et_pb_heading et_pb_module et_flex_module preset--module--divi-heading--59siz3owrl\"><div class=\"et_pb_heading_container\"><h1 class=\"et_pb_module_header\">Open Space Exercise<\/h1><\/div><\/div>\n<\/div>\n<\/div>\n<\/div>\n\n<div class=\"et_pb_section_2 et_pb_section et_section_regular et_flex_section\">\n<div class=\"et_pb_row_1 et_pb_row et_flex_row\">\n<div class=\"et_pb_column_1 et_pb_column et-last-child et_flex_column et_pb_css_mix_blend_mode_passthrough et_flex_column_24_24 et_flex_column_24_24_tablet et_flex_column_24_24_phone\">\n<div class=\"et_pb_text_0 et_pb_text et_pb_bg_layout_light et_pb_module et_flex_module\"><div class=\"et_pb_text_inner\"><h1 style=\"text-align: center;\">\"Der Rucksack\"<\/h1>\n<\/div><\/div>\n<\/div>\n<\/div>\n<\/div>\n\n<div class=\"et_pb_section_3 et_pb_section et_section_regular et_block_section\">\n<div class=\"et_pb_row_2 et_pb_row et_flex_row\">\n<div class=\"et_pb_column_2 et_pb_column et-last-child et_flex_column et_pb_css_mix_blend_mode_passthrough et_flex_column_24_24 et_flex_column_24_24_tablet et_flex_column_24_24_phone\">\n<div class=\"et_pb_testimonial_0 et_pb_testimonial et_pb_bg_layout_light et_pb_module et_flex_module et_flex_column_16_24 et_flex_column_16_24_tablet preset--module--divi-testimonial--9tvegtiea9\"><div class=\"et_pb_testimonial_inner\"><div class=\"et_pb_testimonial_portrait\" style=\"background-image:url(https:\/\/rosenwink.de\/wp-content\/uploads\/2025\/12\/Hand-kl.png)\"><\/div><div class=\"et_pb_testimonial_description et_flex_module\"><div class=\"et_pb_testimonial_description_inner\"><div class=\"et_pb_testimonial_content\"><p>Come to me, all you who are weary and burdened, and I will give you rest.<\/p>\n<\/div><\/div><div class=\"et_pb_testimonial_author\">Matthew 11:28<\/div><div class=\"et_pb_testimonial_meta\"><\/div><\/div><\/div><\/div>\n<\/div>\n<\/div>\n<\/div>\n\n<div class=\"et_pb_section_4 et_pb_section et_section_regular et_flex_section\">\n<div class=\"et_pb_row_3 et_pb_row et_flex_row\">\n<div class=\"et_pb_column_3 et_pb_column et-last-child et_flex_column et_pb_css_mix_blend_mode_passthrough et_flex_column_24_24 et_flex_column_24_24_tablet et_flex_column_24_24_phone\">\n<div class=\"et_pb_text_1 et_pb_text et_pb_bg_layout_light et_pb_module et_flex_module\"><div class=\"et_pb_text_inner\" data-et-mv-hidden-tablet=\"true\"><p>In dieser etwa 20-min\u00fctigen Wahrnehmungs\u00fcbung sp\u00fcre ich in mich hinein und nehme wahr, was mich im Moment besch\u00e4ftigt. Ohne ins Gr\u00fcbeln zu geraten, richte ich meine Aufmerksamkeit darauf, wo und wie mein K\u00f6rper Belastungen, Sorgen oder offene Themen tr\u00e4gt \u2013 vielleicht als Druck, Enge, Schwere oder Unruhe.<br \/>Dabei hilft mir das Bild eines Rucksacks, den ich mit mir trage: gef\u00fcllt mit allem, was gerade schwer wiegt oder mich beansprucht. Ich darf die einzelnen Themen f\u00fcr eine Weile vor mir ablegen...<br \/>Am Ende der \u00dcbung finde ich in mir auch einen Ort, an dem es leichter und freier ist \u2013 dem inneren Freiraum, der immer da ist, selbst wenn vieles belastet. Ich nehme wahr, wie sich dieser Freiraum anf\u00fchlt und genie\u00dfe den Moment f\u00fcr eine Weile. <br \/>In dieser Haltung h\u00f6re ich Jesu Einladung:<br \/>\u201eKommt her zu mir, alle, die ihr m\u00fchselig und beladen seid\u2026\u201c<\/p>\n<\/div>\n<div class=\"et_pb_audio_0 et_pb_audio et_pb_audio_module et_pb_bg_layout_light et_pb_text_color_dark et_pb_audio_no_image et_pb_module et_flex_module\"><div class=\"et_pb_audio_module_content et_audio_container et_flex_module\"><h2 class=\"et_pb_module_header\">Audio guide<\/h2><p class=\"et_audio_module_meta\"><span>Make yourself comfortable; the exercise takes about 20 minutes.<\/span><\/p><audio class=\"wp-audio-shortcode\" id=\"audio-221632-1\" preload=\"none\" style=\"width: 100%;\" controls=\"controls\"><source type=\"audio\/mpeg\" src=\"https:\/\/rosenwink.de\/wp-content\/uploads\/2025\/12\/Freiraumuebung-fuer-MOVO.mp3?_=1\" \/><a href=\"https:\/\/rosenwink.de\/wp-content\/uploads\/2025\/12\/Freiraumuebung-fuer-MOVO.mp3\">https:\/\/rosenwink.de\/wp-content\/uploads\/2025\/12\/Freiraumuebung-fuer-MOVO.mp3<\/a><\/audio><\/div><\/div>\n\n<div class=\"et_pb_text_2 et_pb_text et_pb_bg_layout_light et_pb_module et_flex_module\"><div class=\"et_pb_text_inner\"><p class=\"translation-block\">*This exercise is used with kind permission of Peter Lincoln and has been slightly adapted.<br>From: Lincoln, Peter (2007): How Faith Finds the Body. Focusing as a Spiritual Path of Practice. Aussaat Verlag, Neukirchen-Vluyn. Accompanying CD.<\/p>\n<\/div><\/div>\n<\/div>\n<\/div>\n<\/div>\n<\/div>","protected":false},"excerpt":{"rendered":"<p>Audio-Anleitung in eine Freiraum-\u00dcbung \/ K\u00f6rperwahrnehmungs\u00fcbung aus dem Focusing.<\/p>","protected":false},"author":1,"featured_media":0,"parent":0,"menu_order":0,"comment_status":"closed","ping_status":"closed","template":"","meta":{"footnotes":""},"class_list":["post-221632","page","type-page","status-publish","hentry"],"_links":{"self":[{"href":"https:\/\/rosenwink.de\/en\/wp-json\/wp\/v2\/pages\/221632","targetHints":{"allow":["GET"]}}],"collection":[{"href":"https:\/\/rosenwink.de\/en\/wp-json\/wp\/v2\/pages"}],"about":[{"href":"https:\/\/rosenwink.de\/en\/wp-json\/wp\/v2\/types\/page"}],"author":[{"embeddable":true,"href":"https:\/\/rosenwink.de\/en\/wp-json\/wp\/v2\/users\/1"}],"replies":[{"embeddable":true,"href":"https:\/\/rosenwink.de\/en\/wp-json\/wp\/v2\/comments?post=221632"}],"version-history":[{"count":14,"href":"https:\/\/rosenwink.de\/en\/wp-json\/wp\/v2\/pages\/221632\/revisions"}],"predecessor-version":[{"id":222031,"href":"https:\/\/rosenwink.de\/en\/wp-json\/wp\/v2\/pages\/221632\/revisions\/222031"}],"wp:attachment":[{"href":"https:\/\/rosenwink.de\/en\/wp-json\/wp\/v2\/media?parent=221632"}],"curies":[{"name":"wp","href":"https:\/\/api.w.org\/{rel}","templated":true}]}}