{"id":221672,"date":"2025-12-13T13:41:54","date_gmt":"2025-12-13T13:41:54","guid":{"rendered":"https:\/\/rosenwink.de\/?page_id=221672"},"modified":"2026-02-04T16:35:23","modified_gmt":"2026-02-04T16:35:23","slug":"datenschutz","status":"publish","type":"page","link":"https:\/\/rosenwink.de\/en\/datenschutz\/","title":{"rendered":"Data Protection"},"content":{"rendered":"<div class=\"et_pb_section_0 et_pb_section et_pb_fullwidth_section et_section_regular et_block_section\">\n<div class=\"et_pb_fullwidth_image_0 et_pb_fullwidth_image et_pb_module\" title=\"constable john seascape-study-with-rain-cloud-1-2z1\"><img loading=\"lazy\" decoding=\"async\" src=\"https:\/\/rosenwink.de\/wp-content\/uploads\/2025\/08\/girl-619689-2z1.jpg\" width=\"1800\" height=\"900\" srcset=\"https:\/\/rosenwink.de\/wp-content\/uploads\/2025\/08\/girl-619689-2z1.jpg 1800w, https:\/\/rosenwink.de\/wp-content\/uploads\/2025\/08\/girl-619689-2z1-1280x640.jpg 1280w, https:\/\/rosenwink.de\/wp-content\/uploads\/2025\/08\/girl-619689-2z1-980x490.jpg 980w, https:\/\/rosenwink.de\/wp-content\/uploads\/2025\/08\/girl-619689-2z1-480x240.jpg 480w\" sizes=\"(min-width: 0px) and (max-width: 480px) 480px, (min-width: 481px) and (max-width: 980px) 980px, (min-width: 981px) and (max-width: 1280px) 1280px, (min-width: 1281px) 1800px, 100vw\" class=\"wp-image-84\" title=\"1-16z9\" \/><\/div>\n<\/div>\n\n<div class=\"et_pb_section_1 et_pb_section et_section_regular et_block_section preset--module--divi-section--ee48eeba-8da1-44d3-aa85-f685a4f1f814\">\n<div class=\"et_pb_row_0 et_pb_row et_block_row preset--module--divi-row--de8f0bf7-ee19-4e03-9b59-15cb6b249664\">\n<div class=\"et_pb_column_0 et_pb_column et_pb_column_4_4 et-last-child et_block_column et_pb_css_mix_blend_mode_passthrough\">\n<div class=\"et_pb_heading_0 et_pb_heading et_pb_module et_block_module preset--module--divi-heading--59siz3owrl\"><div class=\"et_pb_heading_container\"><h1 class=\"et_pb_module_header\">Privacy Policy<\/h1><\/div><\/div>\n\n<div class=\"et_pb_text_0 et_pb_text et_pb_bg_layout_light et_clickable et_pb_module et_block_module preset--module--divi-text--3489034d-1636-435c-91f5-29018384549a\"><div class=\"et_pb_text_inner\"><p><strong>1. General information<\/strong><\/p>\n<p class=\"translation-block\">The protection of your personal data is important to us.<br>This privacy policy informs you about what data is collected when you visit this website, for what purpose, and what rights you have.<\/p>\n<p>Personal data is any data that can be used to personally identify you.<\/p>\n<p><strong>2. Responsible entity<\/strong><\/p>\n<p>Responsible for data processing on this website:<\/p>\n<p>Andreas Rosenwink<br \/>Hof\u00e4ckerstr. 13<br \/>69245 Bammental<br \/>E-Mail:<\/p>\n<\/div><\/div>\n\n<div class=\"et_pb_image_0 et_pb_image et_pb_image_sticky et_pb_module et_flex_module\"><span class=\"et_pb_image_wrap\"><img loading=\"lazy\" decoding=\"async\" src=\"https:\/\/rosenwink.de\/wp-content\/uploads\/2025\/12\/Bild-Email-Adresse.png\" title=\"Bild Email-Adresse\" width=\"682\" height=\"72\" srcset=\"https:\/\/rosenwink.de\/wp-content\/uploads\/2025\/12\/Bild-Email-Adresse.png 682w, https:\/\/rosenwink.de\/wp-content\/uploads\/2025\/12\/Bild-Email-Adresse-480x51.png 480w\" sizes=\"(min-width: 0px) and (max-width: 480px) 480px, (min-width: 481px) 682px, 100vw\" class=\"wp-image-221984\" \/><\/span><\/div>\n\n<div class=\"et_pb_text_1 et_pb_text et_pb_bg_layout_light et_clickable et_pb_module et_block_module preset--module--divi-text--3489034d-1636-435c-91f5-29018384549a\"><div class=\"et_pb_text_inner\"><p>&nbsp;<\/p>\n<p><strong>3. Hosting by IONOS<\/strong><\/p>\n<p>This website is hosted by IONOS SE. When visiting the website, IONOS automatically collects information in so-called server log files, in particular:<\/p>\n<p class=\"translation-block\">IP address (shortened or anonymized)<br>\nDate and time of access<br>\nPages accessed<br>\nBrowser type and operating system<br>\nReferrer URL<\/p>\n<p class=\"translation-block\">This data is technically necessary to provide the website securely and stably.\nThere is no merging with other data and no personal evaluation.<\/p>\n<p>Legal basis: Art. 6 para. 1 lit. f GDPR (legitimate interest)<\/p>\n<p><strong>4. Visitor count<\/strong><\/p>\n<p>To determine the pure number of website visitors, we use anonymous, server-side analysis (e.g. via the hosting provider).<\/p>\n<p class=\"translation-block\">No user profiles are created<br>\nNo personal data is stored<br>\nNo tracking or analytics cookies are set<\/p>\n<p><strong>5. Contact<\/strong><\/p>\n<p>Wenn Sie uns per E-Mail kontaktieren, werden Ihre Angaben zur Bearbeitung der Anfrage gespeichert. Diese Daten werden nicht ohne Ihre Einwilligung weitergegeben und nach Abschluss der Bearbeitung gel\u00f6scht, sofern keine gesetzlichen Aufbewahrungspflichten bestehen.<\/p>\n<p class=\"translation-block\">Legal basis:<br>\nArt. 6 para. 1 lit. b GDPR (pre-contractual measures)<br>\nArt. 6 para. 1 lit. f GDPR (legitimate interest)<\/p>\n<p class=\"translation-block\"><strong>6. Cookies<\/strong><br>a) Technically necessary cookies<\/p>\n<p>This website uses only technically necessary cookies required for operation, security, and correct display of the website (e.g. by IONOS).<\/p>\n<p class=\"translation-block\">These cookies:<br>\nare strictly necessary<br>\ncontain no personal data<br>\nare not used for analysis or marketing<\/p>\n<p class=\"translation-block\">Legal basis:<br>Art. 6 para. 1 lit. f GDPR<\/p>\n<p>b) No tracking or analytics cookies<\/p>\n<p class=\"translation-block\">No tracking, marketing, or personalized analytics cookies are used.<\/p>\n<p>c) Exception: embedded content from other websites<\/p>\n<p>Auf der Projektseite \"Achtsam Sein - Videokurs\" ist ein <strong>youtube<\/strong>-Film eingebettet. Eingebettete Inhalte von anderen Websites verhalten sich exakt so, als ob der Besucher die andere Website besucht h\u00e4tte. Diese Websites k\u00f6nnen Daten \u00fcber dich sammeln, Cookies benutzen, zus\u00e4tzliche Tracking-Dienste von Dritten einbetten und deine Interaktion mit diesem eingebetteten Inhalt aufzeichnen, inklusive deiner Interaktion mit dem eingebetteten Inhalt, falls du ein Konto hast und auf dieser Website angemeldet bist.<\/p>\n<p><strong>7. Fonts and translation<\/strong><\/p>\n<p class=\"translation-block\">This website uses locally embedded fonts. There is no connection to external font services (e.g. Google Fonts).<br>\nThis website uses the TranslatePress plugin for manual translation of content. No cookies are set and no personal data is processed.<\/p>\n<p><strong>8. Your rights<\/strong><\/p>\n<p class=\"translation-block\">You have the right at any time to:<br>\naccess your stored data<br>\nrectification or deletion<br>\nrestriction of processing<br>\nobject to processing<br>\ndata portability<\/p>\n<p>You also have the right to lodge a complaint with the competent data protection supervisory authority.<\/p>\n<p><strong>9. Withdrawal of consent<\/strong><\/p>\n<p class=\"translation-block\">If consent has been given, it can be withdrawn at any time with effect for the future.<br>\nThe legality of the processing carried out until the withdrawal remains unaffected.<\/p>\n<p><strong>10. Objection to advertising emails<\/strong><\/p>\n<p>The use of contact data published in the legal notice or privacy policy for sending unsolicited advertising is hereby expressly objected to.<\/p>\n<\/div>\n<div class=\"et_pb_divider_0 et_pb_divider_hidden et_pb_space et_pb_divider_position_top et_pb_module\"><div class=\"et_pb_divider_internal\"><\/div><\/div>\n<\/div>\n<\/div>\n<\/div>\n<\/div>","protected":false},"excerpt":{"rendered":"<p>Privacy Policy<\/p>","protected":false},"author":1,"featured_media":0,"parent":0,"menu_order":0,"comment_status":"closed","ping_status":"closed","template":"","meta":{"footnotes":""},"class_list":["post-221672","page","type-page","status-publish","hentry"],"_links":{"self":[{"href":"https:\/\/rosenwink.de\/en\/wp-json\/wp\/v2\/pages\/221672","targetHints":{"allow":["GET"]}}],"collection":[{"href":"https:\/\/rosenwink.de\/en\/wp-json\/wp\/v2\/pages"}],"about":[{"href":"https:\/\/rosenwink.de\/en\/wp-json\/wp\/v2\/types\/page"}],"author":[{"embeddable":true,"href":"https:\/\/rosenwink.de\/en\/wp-json\/wp\/v2\/users\/1"}],"replies":[{"embeddable":true,"href":"https:\/\/rosenwink.de\/en\/wp-json\/wp\/v2\/comments?post=221672"}],"version-history":[{"count":14,"href":"https:\/\/rosenwink.de\/en\/wp-json\/wp\/v2\/pages\/221672\/revisions"}],"predecessor-version":[{"id":222077,"href":"https:\/\/rosenwink.de\/en\/wp-json\/wp\/v2\/pages\/221672\/revisions\/222077"}],"wp:attachment":[{"href":"https:\/\/rosenwink.de\/en\/wp-json\/wp\/v2\/media?parent=221672"}],"curies":[{"name":"wp","href":"https:\/\/api.w.org\/{rel}","templated":true}]}}